{"id":180,"date":"2025-04-29T04:18:47","date_gmt":"2025-04-29T04:18:47","guid":{"rendered":"https:\/\/iesmache.edu.pe\/portal\/?page_id=180"},"modified":"2025-05-17T02:54:37","modified_gmt":"2025-05-17T02:54:37","slug":"contabilidad","status":"publish","type":"page","link":"https:\/\/iesmache.edu.pe\/portal\/index.php\/contabilidad\/","title":{"rendered":"CONTABILIDAD"},"content":{"rendered":"\n<figure class=\"wp-block-image size-large\"><img loading=\"lazy\" decoding=\"async\" width=\"1024\" height=\"576\" src=\"https:\/\/iesmache.edu.pe\/portal\/wp-content\/uploads\/2025\/05\/corregida-1024x576.jpg\" alt=\"\" class=\"wp-image-215\" srcset=\"https:\/\/iesmache.edu.pe\/portal\/wp-content\/uploads\/2025\/05\/corregida-1024x576.jpg 1024w, https:\/\/iesmache.edu.pe\/portal\/wp-content\/uploads\/2025\/05\/corregida-300x169.jpg 300w, https:\/\/iesmache.edu.pe\/portal\/wp-content\/uploads\/2025\/05\/corregida-768x432.jpg 768w, https:\/\/iesmache.edu.pe\/portal\/wp-content\/uploads\/2025\/05\/corregida-1536x864.jpg 1536w, https:\/\/iesmache.edu.pe\/portal\/wp-content\/uploads\/2025\/05\/corregida-2048x1152.jpg 2048w, https:\/\/iesmache.edu.pe\/portal\/wp-content\/uploads\/2025\/05\/corregida-1920x1080.jpg 1920w\" sizes=\"(max-width: 1024px) 100vw, 1024px\" \/><\/figure>\n\n\n\n<p class=\"has-text-align-left\">El programa de estudios de Contabilidad, forma profesionales con capacidad de desenvolverse en los diferentes entornos empresariales y gubernamentales, capaces de aplicar efectivamente la labor de registro, interpretaci\u00f3n, an\u00e1lisis y organizaci\u00f3n de las actividades contables, financieras, laborales y tributarias. Suministra informaci\u00f3n contable y financiera en forma oportuna para la toma de decisiones de la empresa. En el IESTP \u201cNueva Esperanza\u201d estamos aplicando el Nuevo Dise\u00f1o Curricular B\u00e1sico de la Educaci\u00f3n Superior Tecnol\u00f3gica, basado en el modelo curricular por m\u00f3dulos o el enfoque por competencias que integra conocimientos, habilidades y actitudes a trav\u00e9s de estrategias innovadoras de ense\u00f1anza-aprendizaje cercanas al \u00e1mbito laboral, propuesta por el Ministerio de Educaci\u00f3n. (MINEDU).<\/p>\n\n\n\n<ul class=\"wp-block-list\">\n<li>Elaborar, analizar e interpretar los Estados Financieros, emitir sugerencias y medidas necesarias para su mejora.<\/li>\n\n\n\n<li>Dise\u00f1ar e implementar m\u00e9todos y procedimientos de registro y control contable que faciliten la evaluaci\u00f3n financiera de la empresa y a la optimizaci\u00f3n de los recursos.<\/li>\n\n\n\n<li>Utilizar y fomentar el uso de la tecnolog\u00eda en el manejo y procesamiento de la informaci\u00f3n financiera y contable para contribuir al desarrollo y fortalecimiento de la empresa.<\/li>\n\n\n\n<li>Identificar los puntos cr\u00edticos de regulaci\u00f3n y control contable, financiero a nivel de los procesos de trabajo.<\/li>\n\n\n\n<li>Identificar los factores que afectan el desarrollo, evoluci\u00f3n efectiva de la empresa en materia de control y gesti\u00f3n financiera.<\/li>\n\n\n\n<li>Diagnosticar, dise\u00f1ar, implementar y evaluar los sistemas de informaci\u00f3n contable, financiera, costos de producci\u00f3n y operaci\u00f3n acorde con la estructura y procesos administrativos y productivos de la empresa.<\/li>\n\n\n\n<li>Aplicar en su \u00e1mbito de acci\u00f3n leyes y normas que regulan y reglamentan el ejercicio de su profesi\u00f3n.<\/li>\n<\/ul>\n\n\n\n<h3 class=\"wp-block-heading\">Itinerario Formativo<\/h3>\n\n\n\n<div data-wp-interactive=\"core\/file\" class=\"wp-block-file\"><object data-wp-bind--hidden=\"!state.hasPdfPreview\" hidden class=\"wp-block-file__embed\" data=\"https:\/\/iesmache.edu.pe\/portal\/wp-content\/uploads\/2025\/05\/ITINERARIO-ITINERARIO-CONTABILIDAD-OK-2020.pdf\" type=\"application\/pdf\" style=\"width:100%;height:600px\" aria-label=\"Incrustado de ITINERARIO ITINERARIO CONTABILIDAD OK 2020.\"><\/object><a id=\"wp-block-file--media-c2d2faeb-68e6-493b-b40b-0258bc6db0a2\" href=\"https:\/\/iesmache.edu.pe\/portal\/wp-content\/uploads\/2025\/05\/ITINERARIO-ITINERARIO-CONTABILIDAD-OK-2020.pdf\">ITINERARIO ITINERARIO CONTABILIDAD OK 2020<\/a><a href=\"https:\/\/iesmache.edu.pe\/portal\/wp-content\/uploads\/2025\/05\/ITINERARIO-ITINERARIO-CONTABILIDAD-OK-2020.pdf\" class=\"wp-block-file__button wp-element-button\" download aria-describedby=\"wp-block-file--media-c2d2faeb-68e6-493b-b40b-0258bc6db0a2\">Descarga<\/a><\/div>\n","protected":false},"excerpt":{"rendered":"<p>El programa de estudios de Contabilidad, forma profesionales con capacidad de desenvolverse en los diferentes entornos empresariales y gubernamentales, capaces de aplicar efectivamente la labor de registro, interpretaci\u00f3n, an\u00e1lisis y organizaci\u00f3n de las actividades contables, financieras, laborales y tributarias. Suministra informaci\u00f3n contable y financiera en forma oportuna para la toma de decisiones de la empresa. [&hellip;]<\/p>\n","protected":false},"author":1,"featured_media":0,"parent":0,"menu_order":0,"comment_status":"closed","ping_status":"closed","template":"","meta":{"saved_in_kubio":false,"footnotes":""},"class_list":["post-180","page","type-page","status-publish","hentry"],"kubio_ai_page_context":{"short_desc":"","purpose":"general"},"yoast_head":"<!-- This site is optimized with the Yoast SEO plugin v23.9 - https:\/\/yoast.com\/wordpress\/plugins\/seo\/ -->\n<title>CONTABILIDAD - I.E.S.T.P. &quot;MACHE&quot;<\/title>\n<meta name=\"robots\" content=\"index, follow, max-snippet:-1, max-image-preview:large, max-video-preview:-1\" \/>\n<link rel=\"canonical\" href=\"https:\/\/iesmache.edu.pe\/portal\/index.php\/contabilidad\/\" \/>\n<meta property=\"og:locale\" content=\"es_ES\" \/>\n<meta property=\"og:type\" content=\"article\" \/>\n<meta property=\"og:title\" content=\"CONTABILIDAD - I.E.S.T.P. &quot;MACHE&quot;\" \/>\n<meta property=\"og:description\" content=\"El programa de estudios de Contabilidad, forma profesionales con capacidad de desenvolverse en los diferentes entornos empresariales y gubernamentales, capaces de aplicar efectivamente la labor de registro, interpretaci\u00f3n, an\u00e1lisis y organizaci\u00f3n de las actividades contables, financieras, laborales y tributarias. Suministra informaci\u00f3n contable y financiera en forma oportuna para la toma de decisiones de la empresa. [&hellip;]\" \/>\n<meta property=\"og:url\" content=\"https:\/\/iesmache.edu.pe\/portal\/index.php\/contabilidad\/\" \/>\n<meta property=\"og:site_name\" content=\"I.E.S.T.P. &quot;MACHE&quot;\" \/>\n<meta property=\"article:modified_time\" content=\"2025-05-17T02:54:37+00:00\" \/>\n<meta property=\"og:image\" content=\"https:\/\/iesmache.edu.pe\/portal\/wp-content\/uploads\/2025\/05\/corregida-1024x576.jpg\" \/>\n<meta name=\"twitter:card\" content=\"summary_large_image\" \/>\n<meta name=\"twitter:label1\" content=\"Est. reading time\" \/>\n\t<meta name=\"twitter:data1\" content=\"2 minutos\" \/>\n<script type=\"application\/ld+json\" class=\"yoast-schema-graph\">{\"@context\":\"https:\/\/schema.org\",\"@graph\":[{\"@type\":\"WebPage\",\"@id\":\"https:\/\/iesmache.edu.pe\/portal\/index.php\/contabilidad\/\",\"url\":\"https:\/\/iesmache.edu.pe\/portal\/index.php\/contabilidad\/\",\"name\":\"CONTABILIDAD - I.E.S.T.P. &quot;MACHE&quot;\",\"isPartOf\":{\"@id\":\"https:\/\/iesmache.edu.pe\/portal\/#website\"},\"primaryImageOfPage\":{\"@id\":\"https:\/\/iesmache.edu.pe\/portal\/index.php\/contabilidad\/#primaryimage\"},\"image\":{\"@id\":\"https:\/\/iesmache.edu.pe\/portal\/index.php\/contabilidad\/#primaryimage\"},\"thumbnailUrl\":\"https:\/\/iesmache.edu.pe\/portal\/wp-content\/uploads\/2025\/05\/corregida-1024x576.jpg\",\"datePublished\":\"2025-04-29T04:18:47+00:00\",\"dateModified\":\"2025-05-17T02:54:37+00:00\",\"breadcrumb\":{\"@id\":\"https:\/\/iesmache.edu.pe\/portal\/index.php\/contabilidad\/#breadcrumb\"},\"inLanguage\":\"es-PE\",\"potentialAction\":[{\"@type\":\"ReadAction\",\"target\":[\"https:\/\/iesmache.edu.pe\/portal\/index.php\/contabilidad\/\"]}]},{\"@type\":\"ImageObject\",\"inLanguage\":\"es-PE\",\"@id\":\"https:\/\/iesmache.edu.pe\/portal\/index.php\/contabilidad\/#primaryimage\",\"url\":\"https:\/\/iesmache.edu.pe\/portal\/wp-content\/uploads\/2025\/05\/corregida.jpg\",\"contentUrl\":\"https:\/\/iesmache.edu.pe\/portal\/wp-content\/uploads\/2025\/05\/corregida.jpg\",\"width\":2560,\"height\":1440},{\"@type\":\"BreadcrumbList\",\"@id\":\"https:\/\/iesmache.edu.pe\/portal\/index.php\/contabilidad\/#breadcrumb\",\"itemListElement\":[{\"@type\":\"ListItem\",\"position\":1,\"name\":\"Portada\",\"item\":\"https:\/\/iesmache.edu.pe\/portal\/\"},{\"@type\":\"ListItem\",\"position\":2,\"name\":\"CONTABILIDAD\"}]},{\"@type\":\"WebSite\",\"@id\":\"https:\/\/iesmache.edu.pe\/portal\/#website\",\"url\":\"https:\/\/iesmache.edu.pe\/portal\/\",\"name\":\"I.E.S.T.P. &quot;MACHE&quot;\",\"description\":\"\",\"publisher\":{\"@id\":\"https:\/\/iesmache.edu.pe\/portal\/#organization\"},\"potentialAction\":[{\"@type\":\"SearchAction\",\"target\":{\"@type\":\"EntryPoint\",\"urlTemplate\":\"https:\/\/iesmache.edu.pe\/portal\/?s={search_term_string}\"},\"query-input\":{\"@type\":\"PropertyValueSpecification\",\"valueRequired\":true,\"valueName\":\"search_term_string\"}}],\"inLanguage\":\"es-PE\"},{\"@type\":\"Organization\",\"@id\":\"https:\/\/iesmache.edu.pe\/portal\/#organization\",\"name\":\"I.E.S.T.P. &quot;MACHE&quot;\",\"url\":\"https:\/\/iesmache.edu.pe\/portal\/\",\"logo\":{\"@type\":\"ImageObject\",\"inLanguage\":\"es-PE\",\"@id\":\"https:\/\/iesmache.edu.pe\/portal\/#\/schema\/logo\/image\/\",\"url\":\"https:\/\/iesmache.edu.pe\/portal\/wp-content\/uploads\/2024\/12\/logomache.jpeg\",\"contentUrl\":\"https:\/\/iesmache.edu.pe\/portal\/wp-content\/uploads\/2024\/12\/logomache.jpeg\",\"width\":150,\"height\":150,\"caption\":\"I.E.S.T.P. &quot;MACHE&quot;\"},\"image\":{\"@id\":\"https:\/\/iesmache.edu.pe\/portal\/#\/schema\/logo\/image\/\"}}]}<\/script>\n<!-- \/ Yoast SEO plugin. -->","yoast_head_json":{"title":"CONTABILIDAD - I.E.S.T.P. &quot;MACHE&quot;","robots":{"index":"index","follow":"follow","max-snippet":"max-snippet:-1","max-image-preview":"max-image-preview:large","max-video-preview":"max-video-preview:-1"},"canonical":"https:\/\/iesmache.edu.pe\/portal\/index.php\/contabilidad\/","og_locale":"es_ES","og_type":"article","og_title":"CONTABILIDAD - I.E.S.T.P. &quot;MACHE&quot;","og_description":"El programa de estudios de Contabilidad, forma profesionales con capacidad de desenvolverse en los diferentes entornos empresariales y gubernamentales, capaces de aplicar efectivamente la labor de registro, interpretaci\u00f3n, an\u00e1lisis y organizaci\u00f3n de las actividades contables, financieras, laborales y tributarias. Suministra informaci\u00f3n contable y financiera en forma oportuna para la toma de decisiones de la empresa. [&hellip;]","og_url":"https:\/\/iesmache.edu.pe\/portal\/index.php\/contabilidad\/","og_site_name":"I.E.S.T.P. &quot;MACHE&quot;","article_modified_time":"2025-05-17T02:54:37+00:00","og_image":[{"url":"https:\/\/iesmache.edu.pe\/portal\/wp-content\/uploads\/2025\/05\/corregida-1024x576.jpg"}],"twitter_card":"summary_large_image","twitter_misc":{"Est. reading time":"2 minutos"},"schema":{"@context":"https:\/\/schema.org","@graph":[{"@type":"WebPage","@id":"https:\/\/iesmache.edu.pe\/portal\/index.php\/contabilidad\/","url":"https:\/\/iesmache.edu.pe\/portal\/index.php\/contabilidad\/","name":"CONTABILIDAD - I.E.S.T.P. &quot;MACHE&quot;","isPartOf":{"@id":"https:\/\/iesmache.edu.pe\/portal\/#website"},"primaryImageOfPage":{"@id":"https:\/\/iesmache.edu.pe\/portal\/index.php\/contabilidad\/#primaryimage"},"image":{"@id":"https:\/\/iesmache.edu.pe\/portal\/index.php\/contabilidad\/#primaryimage"},"thumbnailUrl":"https:\/\/iesmache.edu.pe\/portal\/wp-content\/uploads\/2025\/05\/corregida-1024x576.jpg","datePublished":"2025-04-29T04:18:47+00:00","dateModified":"2025-05-17T02:54:37+00:00","breadcrumb":{"@id":"https:\/\/iesmache.edu.pe\/portal\/index.php\/contabilidad\/#breadcrumb"},"inLanguage":"es-PE","potentialAction":[{"@type":"ReadAction","target":["https:\/\/iesmache.edu.pe\/portal\/index.php\/contabilidad\/"]}]},{"@type":"ImageObject","inLanguage":"es-PE","@id":"https:\/\/iesmache.edu.pe\/portal\/index.php\/contabilidad\/#primaryimage","url":"https:\/\/iesmache.edu.pe\/portal\/wp-content\/uploads\/2025\/05\/corregida.jpg","contentUrl":"https:\/\/iesmache.edu.pe\/portal\/wp-content\/uploads\/2025\/05\/corregida.jpg","width":2560,"height":1440},{"@type":"BreadcrumbList","@id":"https:\/\/iesmache.edu.pe\/portal\/index.php\/contabilidad\/#breadcrumb","itemListElement":[{"@type":"ListItem","position":1,"name":"Portada","item":"https:\/\/iesmache.edu.pe\/portal\/"},{"@type":"ListItem","position":2,"name":"CONTABILIDAD"}]},{"@type":"WebSite","@id":"https:\/\/iesmache.edu.pe\/portal\/#website","url":"https:\/\/iesmache.edu.pe\/portal\/","name":"I.E.S.T.P. &quot;MACHE&quot;","description":"","publisher":{"@id":"https:\/\/iesmache.edu.pe\/portal\/#organization"},"potentialAction":[{"@type":"SearchAction","target":{"@type":"EntryPoint","urlTemplate":"https:\/\/iesmache.edu.pe\/portal\/?s={search_term_string}"},"query-input":{"@type":"PropertyValueSpecification","valueRequired":true,"valueName":"search_term_string"}}],"inLanguage":"es-PE"},{"@type":"Organization","@id":"https:\/\/iesmache.edu.pe\/portal\/#organization","name":"I.E.S.T.P. &quot;MACHE&quot;","url":"https:\/\/iesmache.edu.pe\/portal\/","logo":{"@type":"ImageObject","inLanguage":"es-PE","@id":"https:\/\/iesmache.edu.pe\/portal\/#\/schema\/logo\/image\/","url":"https:\/\/iesmache.edu.pe\/portal\/wp-content\/uploads\/2024\/12\/logomache.jpeg","contentUrl":"https:\/\/iesmache.edu.pe\/portal\/wp-content\/uploads\/2024\/12\/logomache.jpeg","width":150,"height":150,"caption":"I.E.S.T.P. &quot;MACHE&quot;"},"image":{"@id":"https:\/\/iesmache.edu.pe\/portal\/#\/schema\/logo\/image\/"}}]}},"_links":{"self":[{"href":"https:\/\/iesmache.edu.pe\/portal\/index.php\/wp-json\/wp\/v2\/pages\/180","targetHints":{"allow":["GET"]}}],"collection":[{"href":"https:\/\/iesmache.edu.pe\/portal\/index.php\/wp-json\/wp\/v2\/pages"}],"about":[{"href":"https:\/\/iesmache.edu.pe\/portal\/index.php\/wp-json\/wp\/v2\/types\/page"}],"author":[{"embeddable":true,"href":"https:\/\/iesmache.edu.pe\/portal\/index.php\/wp-json\/wp\/v2\/users\/1"}],"replies":[{"embeddable":true,"href":"https:\/\/iesmache.edu.pe\/portal\/index.php\/wp-json\/wp\/v2\/comments?post=180"}],"version-history":[{"count":4,"href":"https:\/\/iesmache.edu.pe\/portal\/index.php\/wp-json\/wp\/v2\/pages\/180\/revisions"}],"predecessor-version":[{"id":269,"href":"https:\/\/iesmache.edu.pe\/portal\/index.php\/wp-json\/wp\/v2\/pages\/180\/revisions\/269"}],"wp:attachment":[{"href":"https:\/\/iesmache.edu.pe\/portal\/index.php\/wp-json\/wp\/v2\/media?parent=180"}],"curies":[{"name":"wp","href":"https:\/\/api.w.org\/{rel}","templated":true}]}}