{"id":181,"date":"2025-04-29T04:18:47","date_gmt":"2025-04-29T04:18:47","guid":{"rendered":"https:\/\/iesmache.edu.pe\/portal\/?page_id=181"},"modified":"2025-05-17T02:51:22","modified_gmt":"2025-05-17T02:51:22","slug":"produccion-agropecuaria","status":"publish","type":"page","link":"https:\/\/iesmache.edu.pe\/portal\/index.php\/produccion-agropecuaria\/","title":{"rendered":"PRODUCCION AGROPECUARIA"},"content":{"rendered":"\n<figure class=\"wp-block-image size-large\"><img loading=\"lazy\" decoding=\"async\" width=\"768\" height=\"1024\" src=\"https:\/\/iesmache.edu.pe\/portal\/wp-content\/uploads\/2025\/05\/487067869_1089397479660364_6130345035747052996_n-768x1024.jpg\" alt=\"\" class=\"wp-image-220\" srcset=\"https:\/\/iesmache.edu.pe\/portal\/wp-content\/uploads\/2025\/05\/487067869_1089397479660364_6130345035747052996_n-768x1024.jpg 768w, https:\/\/iesmache.edu.pe\/portal\/wp-content\/uploads\/2025\/05\/487067869_1089397479660364_6130345035747052996_n-225x300.jpg 225w, https:\/\/iesmache.edu.pe\/portal\/wp-content\/uploads\/2025\/05\/487067869_1089397479660364_6130345035747052996_n-810x1080.jpg 810w, https:\/\/iesmache.edu.pe\/portal\/wp-content\/uploads\/2025\/05\/487067869_1089397479660364_6130345035747052996_n.jpg 960w\" sizes=\"(max-width: 768px) 100vw, 768px\" \/><\/figure>\n\n\n\n<p>El egresado del Programa de Estudios de Producci\u00f3n Agropecuaria del IESP Huando es un profesional t\u00e9cnico con formaci\u00f3n integral, competente para liderar y gestionar explotaciones agropecuarias.<\/p>\n\n\n\n<p>Su formaci\u00f3n abarca conocimientos cient\u00edficos, tecnol\u00f3gicos y human\u00edsticos, aplicando con destreza las Buenas Pr\u00e1cticas Agropecuarias.<\/p>\n\n\n\n<p>Supervisa infraestructuras, procesos productivos, el procesamiento primario, la ejecuci\u00f3n del plan operativo, la comercializaci\u00f3n de productos; realiza la instalaci\u00f3n y preparaci\u00f3n del terreno, manejo del proceso de almacenamiento y aprovechamiento de productos pecuarios de acuerdo al plan de producci\u00f3n y normativas correspondientes contribuyendo al desarrollo sostenible, con enfoque de rentabilidad aplicando I+E+i.<\/p>\n\n\n\n<p>Adem\u00e1s cuenta con habilidades de empleabilidad, como gesti\u00f3n de riesgo, comunicaci\u00f3n efectiva, conocimientos del ingl\u00e9s, competencia en tecnolog\u00edas para la administraci\u00f3n agropecuaria, perspectiva innovadora, conciencia ambiental y educaci\u00f3n f\u00edsica, resoluci\u00f3n de problemas espec\u00edficos del sector, promoviendo valores \u00e9ticos y una mentalidad emprendedora para impulsar mejoras en la productividad agropecuaria.<\/p>\n\n\n\n<p>Supervisar la implementaci\u00f3n de la infraestructura productiva agr\u00edcola y\/o pecuaria de acuerdo con el plan de producci\u00f3n, buenas pr\u00e1cticas, procedimientos establecidos y normativa correspondiente.<\/p>\n\n\n\n<p>Supervisar los procesos productivos y sanitarios agr\u00edcolas y\/o pecuarios de acuerdo con el plan de producci\u00f3n, requerimientos del mercado, buenas pr\u00e1cticas, procedimientos establecidos y normativa correspondiente.<\/p>\n\n\n\n<p>Supervisar el procesamiento primario de productos agr\u00edcolas y\/o pecuarios de acuerdo con requerimientos del mercado, buenas pr\u00e1cticas, plan establecido, y normativa correspondiente.<\/p>\n\n\n\n<p>Supervisar la ejecuci\u00f3n del plan operativo agr\u00edcola y\/o pecuario de acuerdo con la unidad productiva, procedimientos establecidos y normativa correspondiente.<\/p>\n\n\n\n<p>Supervisar la comercializaci\u00f3n de la producci\u00f3n primaria agr\u00edcola y\/o pecuaria de acuerdo con los mercados de destino, procedimientos establecidos y normativa correspondiente.<\/p>\n\n\n\n<p>Realizar la instalaci\u00f3n y preparaci\u00f3n del terreno de acuerdo al tipo de cultivo, requerimientos del mercado, buenas pr\u00e1cticas agr\u00edcolas y normativa correspondiente.<\/p>\n\n\n\n<p>Manejar el proceso de almacenamiento de acuerdo con los procedimientos establecidos y normativa correspondiente.<\/p>\n\n\n\n<p>Supervisar el aprovechamiento de los productos y\/o alimentos brindados por el animal de acuerdo con el plan de producci\u00f3n, tipo de planta y normativa correspondiente.<\/p>\n\n\n\n\n\n<div data-wp-interactive=\"core\/file\" class=\"wp-block-file\"><object data-wp-bind--hidden=\"!state.hasPdfPreview\" hidden class=\"wp-block-file__embed\" data=\"https:\/\/iesmache.edu.pe\/portal\/wp-content\/uploads\/2025\/05\/ITINERARIO-PROD-AGROPECUARIA.pdf\" type=\"application\/pdf\" style=\"width:100%;height:600px\" aria-label=\"Incrustado de ITINERARIO  PROD AGROPECUARIA.\"><\/object><a id=\"wp-block-file--media-f08a2b0f-4a51-4026-aa91-5c94b23e6035\" href=\"https:\/\/iesmache.edu.pe\/portal\/wp-content\/uploads\/2025\/05\/ITINERARIO-PROD-AGROPECUARIA.pdf\">ITINERARIO  PROD AGROPECUARIA<\/a><a href=\"https:\/\/iesmache.edu.pe\/portal\/wp-content\/uploads\/2025\/05\/ITINERARIO-PROD-AGROPECUARIA.pdf\" class=\"wp-block-file__button wp-element-button\" download aria-describedby=\"wp-block-file--media-f08a2b0f-4a51-4026-aa91-5c94b23e6035\">Descarga<\/a><\/div>\n","protected":false},"excerpt":{"rendered":"<p>El egresado del Programa de Estudios de Producci\u00f3n Agropecuaria del IESP Huando es un profesional t\u00e9cnico con formaci\u00f3n integral, competente para liderar y gestionar explotaciones agropecuarias. Su formaci\u00f3n abarca conocimientos cient\u00edficos, tecnol\u00f3gicos y human\u00edsticos, aplicando con destreza las Buenas Pr\u00e1cticas Agropecuarias. Supervisa infraestructuras, procesos productivos, el procesamiento primario, la ejecuci\u00f3n del plan operativo, la comercializaci\u00f3n [&hellip;]<\/p>\n","protected":false},"author":1,"featured_media":0,"parent":0,"menu_order":0,"comment_status":"closed","ping_status":"closed","template":"","meta":{"saved_in_kubio":false,"footnotes":""},"class_list":["post-181","page","type-page","status-publish","hentry"],"kubio_ai_page_context":{"short_desc":"","purpose":"general"},"yoast_head":"<!-- This site is optimized with the Yoast SEO plugin v23.9 - https:\/\/yoast.com\/wordpress\/plugins\/seo\/ -->\n<title>PRODUCCION AGROPECUARIA - I.E.S.T.P. &quot;MACHE&quot;<\/title>\n<meta name=\"robots\" content=\"index, follow, max-snippet:-1, max-image-preview:large, max-video-preview:-1\" \/>\n<link rel=\"canonical\" href=\"https:\/\/iesmache.edu.pe\/portal\/index.php\/produccion-agropecuaria\/\" \/>\n<meta property=\"og:locale\" content=\"es_ES\" \/>\n<meta property=\"og:type\" content=\"article\" \/>\n<meta property=\"og:title\" content=\"PRODUCCION AGROPECUARIA - I.E.S.T.P. &quot;MACHE&quot;\" \/>\n<meta property=\"og:description\" content=\"El egresado del Programa de Estudios de Producci\u00f3n Agropecuaria del IESP Huando es un profesional t\u00e9cnico con formaci\u00f3n integral, competente para liderar y gestionar explotaciones agropecuarias. Su formaci\u00f3n abarca conocimientos cient\u00edficos, tecnol\u00f3gicos y human\u00edsticos, aplicando con destreza las Buenas Pr\u00e1cticas Agropecuarias. Supervisa infraestructuras, procesos productivos, el procesamiento primario, la ejecuci\u00f3n del plan operativo, la comercializaci\u00f3n [&hellip;]\" \/>\n<meta property=\"og:url\" content=\"https:\/\/iesmache.edu.pe\/portal\/index.php\/produccion-agropecuaria\/\" \/>\n<meta property=\"og:site_name\" content=\"I.E.S.T.P. &quot;MACHE&quot;\" \/>\n<meta property=\"article:modified_time\" content=\"2025-05-17T02:51:22+00:00\" \/>\n<meta property=\"og:image\" content=\"https:\/\/iesmache.edu.pe\/portal\/wp-content\/uploads\/2025\/05\/487067869_1089397479660364_6130345035747052996_n-768x1024.jpg\" \/>\n<meta name=\"twitter:card\" content=\"summary_large_image\" \/>\n<meta name=\"twitter:label1\" content=\"Est. reading time\" \/>\n\t<meta name=\"twitter:data1\" content=\"2 minutos\" \/>\n<script type=\"application\/ld+json\" class=\"yoast-schema-graph\">{\"@context\":\"https:\/\/schema.org\",\"@graph\":[{\"@type\":\"WebPage\",\"@id\":\"https:\/\/iesmache.edu.pe\/portal\/index.php\/produccion-agropecuaria\/\",\"url\":\"https:\/\/iesmache.edu.pe\/portal\/index.php\/produccion-agropecuaria\/\",\"name\":\"PRODUCCION AGROPECUARIA - I.E.S.T.P. &quot;MACHE&quot;\",\"isPartOf\":{\"@id\":\"https:\/\/iesmache.edu.pe\/portal\/#website\"},\"primaryImageOfPage\":{\"@id\":\"https:\/\/iesmache.edu.pe\/portal\/index.php\/produccion-agropecuaria\/#primaryimage\"},\"image\":{\"@id\":\"https:\/\/iesmache.edu.pe\/portal\/index.php\/produccion-agropecuaria\/#primaryimage\"},\"thumbnailUrl\":\"https:\/\/iesmache.edu.pe\/portal\/wp-content\/uploads\/2025\/05\/487067869_1089397479660364_6130345035747052996_n-768x1024.jpg\",\"datePublished\":\"2025-04-29T04:18:47+00:00\",\"dateModified\":\"2025-05-17T02:51:22+00:00\",\"breadcrumb\":{\"@id\":\"https:\/\/iesmache.edu.pe\/portal\/index.php\/produccion-agropecuaria\/#breadcrumb\"},\"inLanguage\":\"es-PE\",\"potentialAction\":[{\"@type\":\"ReadAction\",\"target\":[\"https:\/\/iesmache.edu.pe\/portal\/index.php\/produccion-agropecuaria\/\"]}]},{\"@type\":\"ImageObject\",\"inLanguage\":\"es-PE\",\"@id\":\"https:\/\/iesmache.edu.pe\/portal\/index.php\/produccion-agropecuaria\/#primaryimage\",\"url\":\"https:\/\/iesmache.edu.pe\/portal\/wp-content\/uploads\/2025\/05\/487067869_1089397479660364_6130345035747052996_n.jpg\",\"contentUrl\":\"https:\/\/iesmache.edu.pe\/portal\/wp-content\/uploads\/2025\/05\/487067869_1089397479660364_6130345035747052996_n.jpg\",\"width\":960,\"height\":1280},{\"@type\":\"BreadcrumbList\",\"@id\":\"https:\/\/iesmache.edu.pe\/portal\/index.php\/produccion-agropecuaria\/#breadcrumb\",\"itemListElement\":[{\"@type\":\"ListItem\",\"position\":1,\"name\":\"Portada\",\"item\":\"https:\/\/iesmache.edu.pe\/portal\/\"},{\"@type\":\"ListItem\",\"position\":2,\"name\":\"PRODUCCION AGROPECUARIA\"}]},{\"@type\":\"WebSite\",\"@id\":\"https:\/\/iesmache.edu.pe\/portal\/#website\",\"url\":\"https:\/\/iesmache.edu.pe\/portal\/\",\"name\":\"I.E.S.T.P. &quot;MACHE&quot;\",\"description\":\"\",\"publisher\":{\"@id\":\"https:\/\/iesmache.edu.pe\/portal\/#organization\"},\"potentialAction\":[{\"@type\":\"SearchAction\",\"target\":{\"@type\":\"EntryPoint\",\"urlTemplate\":\"https:\/\/iesmache.edu.pe\/portal\/?s={search_term_string}\"},\"query-input\":{\"@type\":\"PropertyValueSpecification\",\"valueRequired\":true,\"valueName\":\"search_term_string\"}}],\"inLanguage\":\"es-PE\"},{\"@type\":\"Organization\",\"@id\":\"https:\/\/iesmache.edu.pe\/portal\/#organization\",\"name\":\"I.E.S.T.P. &quot;MACHE&quot;\",\"url\":\"https:\/\/iesmache.edu.pe\/portal\/\",\"logo\":{\"@type\":\"ImageObject\",\"inLanguage\":\"es-PE\",\"@id\":\"https:\/\/iesmache.edu.pe\/portal\/#\/schema\/logo\/image\/\",\"url\":\"https:\/\/iesmache.edu.pe\/portal\/wp-content\/uploads\/2024\/12\/logomache.jpeg\",\"contentUrl\":\"https:\/\/iesmache.edu.pe\/portal\/wp-content\/uploads\/2024\/12\/logomache.jpeg\",\"width\":150,\"height\":150,\"caption\":\"I.E.S.T.P. &quot;MACHE&quot;\"},\"image\":{\"@id\":\"https:\/\/iesmache.edu.pe\/portal\/#\/schema\/logo\/image\/\"}}]}<\/script>\n<!-- \/ Yoast SEO plugin. -->","yoast_head_json":{"title":"PRODUCCION AGROPECUARIA - I.E.S.T.P. &quot;MACHE&quot;","robots":{"index":"index","follow":"follow","max-snippet":"max-snippet:-1","max-image-preview":"max-image-preview:large","max-video-preview":"max-video-preview:-1"},"canonical":"https:\/\/iesmache.edu.pe\/portal\/index.php\/produccion-agropecuaria\/","og_locale":"es_ES","og_type":"article","og_title":"PRODUCCION AGROPECUARIA - I.E.S.T.P. &quot;MACHE&quot;","og_description":"El egresado del Programa de Estudios de Producci\u00f3n Agropecuaria del IESP Huando es un profesional t\u00e9cnico con formaci\u00f3n integral, competente para liderar y gestionar explotaciones agropecuarias. Su formaci\u00f3n abarca conocimientos cient\u00edficos, tecnol\u00f3gicos y human\u00edsticos, aplicando con destreza las Buenas Pr\u00e1cticas Agropecuarias. Supervisa infraestructuras, procesos productivos, el procesamiento primario, la ejecuci\u00f3n del plan operativo, la comercializaci\u00f3n [&hellip;]","og_url":"https:\/\/iesmache.edu.pe\/portal\/index.php\/produccion-agropecuaria\/","og_site_name":"I.E.S.T.P. &quot;MACHE&quot;","article_modified_time":"2025-05-17T02:51:22+00:00","og_image":[{"url":"https:\/\/iesmache.edu.pe\/portal\/wp-content\/uploads\/2025\/05\/487067869_1089397479660364_6130345035747052996_n-768x1024.jpg"}],"twitter_card":"summary_large_image","twitter_misc":{"Est. reading time":"2 minutos"},"schema":{"@context":"https:\/\/schema.org","@graph":[{"@type":"WebPage","@id":"https:\/\/iesmache.edu.pe\/portal\/index.php\/produccion-agropecuaria\/","url":"https:\/\/iesmache.edu.pe\/portal\/index.php\/produccion-agropecuaria\/","name":"PRODUCCION AGROPECUARIA - I.E.S.T.P. &quot;MACHE&quot;","isPartOf":{"@id":"https:\/\/iesmache.edu.pe\/portal\/#website"},"primaryImageOfPage":{"@id":"https:\/\/iesmache.edu.pe\/portal\/index.php\/produccion-agropecuaria\/#primaryimage"},"image":{"@id":"https:\/\/iesmache.edu.pe\/portal\/index.php\/produccion-agropecuaria\/#primaryimage"},"thumbnailUrl":"https:\/\/iesmache.edu.pe\/portal\/wp-content\/uploads\/2025\/05\/487067869_1089397479660364_6130345035747052996_n-768x1024.jpg","datePublished":"2025-04-29T04:18:47+00:00","dateModified":"2025-05-17T02:51:22+00:00","breadcrumb":{"@id":"https:\/\/iesmache.edu.pe\/portal\/index.php\/produccion-agropecuaria\/#breadcrumb"},"inLanguage":"es-PE","potentialAction":[{"@type":"ReadAction","target":["https:\/\/iesmache.edu.pe\/portal\/index.php\/produccion-agropecuaria\/"]}]},{"@type":"ImageObject","inLanguage":"es-PE","@id":"https:\/\/iesmache.edu.pe\/portal\/index.php\/produccion-agropecuaria\/#primaryimage","url":"https:\/\/iesmache.edu.pe\/portal\/wp-content\/uploads\/2025\/05\/487067869_1089397479660364_6130345035747052996_n.jpg","contentUrl":"https:\/\/iesmache.edu.pe\/portal\/wp-content\/uploads\/2025\/05\/487067869_1089397479660364_6130345035747052996_n.jpg","width":960,"height":1280},{"@type":"BreadcrumbList","@id":"https:\/\/iesmache.edu.pe\/portal\/index.php\/produccion-agropecuaria\/#breadcrumb","itemListElement":[{"@type":"ListItem","position":1,"name":"Portada","item":"https:\/\/iesmache.edu.pe\/portal\/"},{"@type":"ListItem","position":2,"name":"PRODUCCION AGROPECUARIA"}]},{"@type":"WebSite","@id":"https:\/\/iesmache.edu.pe\/portal\/#website","url":"https:\/\/iesmache.edu.pe\/portal\/","name":"I.E.S.T.P. &quot;MACHE&quot;","description":"","publisher":{"@id":"https:\/\/iesmache.edu.pe\/portal\/#organization"},"potentialAction":[{"@type":"SearchAction","target":{"@type":"EntryPoint","urlTemplate":"https:\/\/iesmache.edu.pe\/portal\/?s={search_term_string}"},"query-input":{"@type":"PropertyValueSpecification","valueRequired":true,"valueName":"search_term_string"}}],"inLanguage":"es-PE"},{"@type":"Organization","@id":"https:\/\/iesmache.edu.pe\/portal\/#organization","name":"I.E.S.T.P. &quot;MACHE&quot;","url":"https:\/\/iesmache.edu.pe\/portal\/","logo":{"@type":"ImageObject","inLanguage":"es-PE","@id":"https:\/\/iesmache.edu.pe\/portal\/#\/schema\/logo\/image\/","url":"https:\/\/iesmache.edu.pe\/portal\/wp-content\/uploads\/2024\/12\/logomache.jpeg","contentUrl":"https:\/\/iesmache.edu.pe\/portal\/wp-content\/uploads\/2024\/12\/logomache.jpeg","width":150,"height":150,"caption":"I.E.S.T.P. &quot;MACHE&quot;"},"image":{"@id":"https:\/\/iesmache.edu.pe\/portal\/#\/schema\/logo\/image\/"}}]}},"_links":{"self":[{"href":"https:\/\/iesmache.edu.pe\/portal\/index.php\/wp-json\/wp\/v2\/pages\/181","targetHints":{"allow":["GET"]}}],"collection":[{"href":"https:\/\/iesmache.edu.pe\/portal\/index.php\/wp-json\/wp\/v2\/pages"}],"about":[{"href":"https:\/\/iesmache.edu.pe\/portal\/index.php\/wp-json\/wp\/v2\/types\/page"}],"author":[{"embeddable":true,"href":"https:\/\/iesmache.edu.pe\/portal\/index.php\/wp-json\/wp\/v2\/users\/1"}],"replies":[{"embeddable":true,"href":"https:\/\/iesmache.edu.pe\/portal\/index.php\/wp-json\/wp\/v2\/comments?post=181"}],"version-history":[{"count":4,"href":"https:\/\/iesmache.edu.pe\/portal\/index.php\/wp-json\/wp\/v2\/pages\/181\/revisions"}],"predecessor-version":[{"id":266,"href":"https:\/\/iesmache.edu.pe\/portal\/index.php\/wp-json\/wp\/v2\/pages\/181\/revisions\/266"}],"wp:attachment":[{"href":"https:\/\/iesmache.edu.pe\/portal\/index.php\/wp-json\/wp\/v2\/media?parent=181"}],"curies":[{"name":"wp","href":"https:\/\/api.w.org\/{rel}","templated":true}]}}