{"id":43,"date":"2024-12-04T01:11:01","date_gmt":"2024-12-04T01:11:01","guid":{"rendered":"https:\/\/iesp-hectorvasquezjimenez.edu.pe\/portal\/?page_id=43"},"modified":"2025-05-14T04:29:18","modified_gmt":"2025-05-14T04:29:18","slug":"mision-vision-valores","status":"publish","type":"page","link":"https:\/\/iesmache.edu.pe\/portal\/index.php\/mision-vision-valores\/","title":{"rendered":"Misi\u00f3n"},"content":{"rendered":"\n<p>Somos una instituci\u00f3n que forma profesionales t\u00e9cnicos competitivos, productivos innovadores y emprendedores que satisfacen las necesidades del mercado laboral, promoviendo pr\u00e1cticas con valores y contribuyen al desarrollo sostenible de nuestro pa\u00eds, con docentes altamente calificados que realizan trabajo en equipo para garantizar una educaci\u00f3n de excelencia<\/p>\n\n\n\n<p><strong>Visi\u00f3n  <\/strong><\/p>\n\n\n\n<p>Al 2030, el IES \u201cMache\u201d ser\u00e1 una Instituci\u00f3n licenciada, comprometida en formar profesionales t\u00e9cnicos \u00edntegros, competitivos, productivos, innovadores y emprendedores, brindando una oferta educativa de calidad en equilibrio con la demanda laboral que responda a los requerimientos de los sectores productivos, con responsabilidad social para el desarrollo sostenible del pa\u00eds.<\/p>\n\n\n\n<p>Valores<\/p>\n\n\n\n<p>Los valores institucionales o principios generales son las prioridades que rigen el accionar de la instituci\u00f3n, los cuales influyen en las decisiones que se tomen dentro de ella. Frecuentemente toman la forma de enfoques transversales de intervenci\u00f3n.<\/p>\n\n\n\n<ul class=\"wp-block-list\">\n<li><strong>Respeto<\/strong>: Reconozco y valoro a todas las personas independientemente de sus fortalezas y debilidades, de su trabajo, antecedentes, t\u00edtulo u otras calificaciones.<\/li>\n\n\n\n<li><strong>Honestidad<\/strong>: Siempre soy objetivo, desempe\u00f1o mis funciones de manera transparente, honesta y coloco en primer lugar el inter\u00e9s institucional.<\/li>\n\n\n\n<li><strong>Compromiso<\/strong>: Soy consciente del importante rol que desempe\u00f1o en la sociedad y estoy en disposici\u00f3n permanente para comprender y resolver las necesidades de las personas con las que me relaciono en mis labores cotidianas, buscando siempre mejorar su bienestar.<\/li>\n\n\n\n<li><strong>Diligencia<\/strong>: Cumplo con los deberes, funciones y responsabilidades asignadas a mi cargo de la mejor manera posible, con atenci\u00f3n, prontitud, destreza y eficiencia para as\u00ed optimizar el uso de los recursos del Estado.<\/li>\n\n\n\n<li><strong>Justicia<\/strong>: Act\u00fao de manera imparcial garantizando los derechos de las personas, con equidad, transparencia y sin discriminaci\u00f3n.<\/li>\n\n\n\n<li><strong>Armon\u00eda:<\/strong> Establezco una relaci\u00f3n de paz, concordia, identificaci\u00f3n y entendimiento para lograr las metas y objetivos Institucionales.<\/li>\n\n\n\n<li><strong>Empat\u00eda<\/strong>: Entiendo a los dem\u00e1s, poni\u00e9ndome en una realidad ajena a la m\u00eda, generalmente en los sentimientos de otra persona.<\/li>\n\n\n\n<li><strong>Trabajo en Equipo<\/strong>: Defiendo la uni\u00f3n de dos o m\u00e1s personas organizadas de una forma determinada, las cuales cooperan para lograr un fin com\u00fan que es la ejecuci\u00f3n de un proyecto.<\/li>\n\n\n\n<li><strong>Conservaci\u00f3n ambiental:<\/strong> Ayudo a proteger y\u00a0cuidar\u00a0los recursos naturales, promoviendo actividades ecol\u00f3gicas, con el objetivo de cuidar nuestro h\u00e1bitat natural y el buen estado del\u00a0medio ambiente, garantizando su supervivencia para las generaciones venideras.<\/li>\n<\/ul>\n","protected":false},"excerpt":{"rendered":"<p>Somos una instituci\u00f3n que forma profesionales t\u00e9cnicos competitivos, productivos innovadores y emprendedores que satisfacen las necesidades del mercado laboral, promoviendo pr\u00e1cticas con valores y contribuyen al desarrollo sostenible de nuestro pa\u00eds, con docentes altamente calificados que realizan trabajo en equipo para garantizar una educaci\u00f3n de excelencia Visi\u00f3n Al 2030, el IES \u201cMache\u201d ser\u00e1 una Instituci\u00f3n [&hellip;]<\/p>\n","protected":false},"author":1,"featured_media":0,"parent":0,"menu_order":0,"comment_status":"closed","ping_status":"open","template":"","meta":{"saved_in_kubio":false,"footnotes":""},"class_list":["post-43","page","type-page","status-publish","hentry"],"kubio_ai_page_context":{"short_desc":"","purpose":"general"},"yoast_head":"<!-- This site is optimized with the Yoast SEO plugin v23.9 - https:\/\/yoast.com\/wordpress\/plugins\/seo\/ -->\n<title>Misi\u00f3n - I.E.S.T.P. &quot;MACHE&quot;<\/title>\n<meta name=\"robots\" content=\"index, follow, max-snippet:-1, max-image-preview:large, max-video-preview:-1\" \/>\n<link rel=\"canonical\" href=\"https:\/\/iesmache.edu.pe\/portal\/index.php\/mision-vision-valores\/\" \/>\n<meta property=\"og:locale\" content=\"es_ES\" \/>\n<meta property=\"og:type\" content=\"article\" \/>\n<meta property=\"og:title\" content=\"Misi\u00f3n - I.E.S.T.P. &quot;MACHE&quot;\" \/>\n<meta property=\"og:description\" content=\"Somos una instituci\u00f3n que forma profesionales t\u00e9cnicos competitivos, productivos innovadores y emprendedores que satisfacen las necesidades del mercado laboral, promoviendo pr\u00e1cticas con valores y contribuyen al desarrollo sostenible de nuestro pa\u00eds, con docentes altamente calificados que realizan trabajo en equipo para garantizar una educaci\u00f3n de excelencia Visi\u00f3n Al 2030, el IES \u201cMache\u201d ser\u00e1 una Instituci\u00f3n [&hellip;]\" \/>\n<meta property=\"og:url\" content=\"https:\/\/iesmache.edu.pe\/portal\/index.php\/mision-vision-valores\/\" \/>\n<meta property=\"og:site_name\" content=\"I.E.S.T.P. &quot;MACHE&quot;\" \/>\n<meta property=\"article:modified_time\" content=\"2025-05-14T04:29:18+00:00\" \/>\n<meta name=\"twitter:card\" content=\"summary_large_image\" \/>\n<meta name=\"twitter:label1\" content=\"Est. reading time\" \/>\n\t<meta name=\"twitter:data1\" content=\"2 minutos\" \/>\n<script type=\"application\/ld+json\" class=\"yoast-schema-graph\">{\"@context\":\"https:\/\/schema.org\",\"@graph\":[{\"@type\":\"WebPage\",\"@id\":\"https:\/\/iesmache.edu.pe\/portal\/index.php\/mision-vision-valores\/\",\"url\":\"https:\/\/iesmache.edu.pe\/portal\/index.php\/mision-vision-valores\/\",\"name\":\"Misi\u00f3n - I.E.S.T.P. &quot;MACHE&quot;\",\"isPartOf\":{\"@id\":\"https:\/\/iesmache.edu.pe\/portal\/#website\"},\"datePublished\":\"2024-12-04T01:11:01+00:00\",\"dateModified\":\"2025-05-14T04:29:18+00:00\",\"breadcrumb\":{\"@id\":\"https:\/\/iesmache.edu.pe\/portal\/index.php\/mision-vision-valores\/#breadcrumb\"},\"inLanguage\":\"es-PE\",\"potentialAction\":[{\"@type\":\"ReadAction\",\"target\":[\"https:\/\/iesmache.edu.pe\/portal\/index.php\/mision-vision-valores\/\"]}]},{\"@type\":\"BreadcrumbList\",\"@id\":\"https:\/\/iesmache.edu.pe\/portal\/index.php\/mision-vision-valores\/#breadcrumb\",\"itemListElement\":[{\"@type\":\"ListItem\",\"position\":1,\"name\":\"Portada\",\"item\":\"https:\/\/iesmache.edu.pe\/portal\/\"},{\"@type\":\"ListItem\",\"position\":2,\"name\":\"Misi\u00f3n\"}]},{\"@type\":\"WebSite\",\"@id\":\"https:\/\/iesmache.edu.pe\/portal\/#website\",\"url\":\"https:\/\/iesmache.edu.pe\/portal\/\",\"name\":\"I.E.S.T.P. &quot;MACHE&quot;\",\"description\":\"\",\"publisher\":{\"@id\":\"https:\/\/iesmache.edu.pe\/portal\/#organization\"},\"potentialAction\":[{\"@type\":\"SearchAction\",\"target\":{\"@type\":\"EntryPoint\",\"urlTemplate\":\"https:\/\/iesmache.edu.pe\/portal\/?s={search_term_string}\"},\"query-input\":{\"@type\":\"PropertyValueSpecification\",\"valueRequired\":true,\"valueName\":\"search_term_string\"}}],\"inLanguage\":\"es-PE\"},{\"@type\":\"Organization\",\"@id\":\"https:\/\/iesmache.edu.pe\/portal\/#organization\",\"name\":\"I.E.S.T.P. &quot;MACHE&quot;\",\"url\":\"https:\/\/iesmache.edu.pe\/portal\/\",\"logo\":{\"@type\":\"ImageObject\",\"inLanguage\":\"es-PE\",\"@id\":\"https:\/\/iesmache.edu.pe\/portal\/#\/schema\/logo\/image\/\",\"url\":\"https:\/\/iesmache.edu.pe\/portal\/wp-content\/uploads\/2024\/12\/logomache.jpeg\",\"contentUrl\":\"https:\/\/iesmache.edu.pe\/portal\/wp-content\/uploads\/2024\/12\/logomache.jpeg\",\"width\":150,\"height\":150,\"caption\":\"I.E.S.T.P. &quot;MACHE&quot;\"},\"image\":{\"@id\":\"https:\/\/iesmache.edu.pe\/portal\/#\/schema\/logo\/image\/\"}}]}<\/script>\n<!-- \/ Yoast SEO plugin. -->","yoast_head_json":{"title":"Misi\u00f3n - I.E.S.T.P. &quot;MACHE&quot;","robots":{"index":"index","follow":"follow","max-snippet":"max-snippet:-1","max-image-preview":"max-image-preview:large","max-video-preview":"max-video-preview:-1"},"canonical":"https:\/\/iesmache.edu.pe\/portal\/index.php\/mision-vision-valores\/","og_locale":"es_ES","og_type":"article","og_title":"Misi\u00f3n - I.E.S.T.P. &quot;MACHE&quot;","og_description":"Somos una instituci\u00f3n que forma profesionales t\u00e9cnicos competitivos, productivos innovadores y emprendedores que satisfacen las necesidades del mercado laboral, promoviendo pr\u00e1cticas con valores y contribuyen al desarrollo sostenible de nuestro pa\u00eds, con docentes altamente calificados que realizan trabajo en equipo para garantizar una educaci\u00f3n de excelencia Visi\u00f3n Al 2030, el IES \u201cMache\u201d ser\u00e1 una Instituci\u00f3n [&hellip;]","og_url":"https:\/\/iesmache.edu.pe\/portal\/index.php\/mision-vision-valores\/","og_site_name":"I.E.S.T.P. &quot;MACHE&quot;","article_modified_time":"2025-05-14T04:29:18+00:00","twitter_card":"summary_large_image","twitter_misc":{"Est. reading time":"2 minutos"},"schema":{"@context":"https:\/\/schema.org","@graph":[{"@type":"WebPage","@id":"https:\/\/iesmache.edu.pe\/portal\/index.php\/mision-vision-valores\/","url":"https:\/\/iesmache.edu.pe\/portal\/index.php\/mision-vision-valores\/","name":"Misi\u00f3n - I.E.S.T.P. &quot;MACHE&quot;","isPartOf":{"@id":"https:\/\/iesmache.edu.pe\/portal\/#website"},"datePublished":"2024-12-04T01:11:01+00:00","dateModified":"2025-05-14T04:29:18+00:00","breadcrumb":{"@id":"https:\/\/iesmache.edu.pe\/portal\/index.php\/mision-vision-valores\/#breadcrumb"},"inLanguage":"es-PE","potentialAction":[{"@type":"ReadAction","target":["https:\/\/iesmache.edu.pe\/portal\/index.php\/mision-vision-valores\/"]}]},{"@type":"BreadcrumbList","@id":"https:\/\/iesmache.edu.pe\/portal\/index.php\/mision-vision-valores\/#breadcrumb","itemListElement":[{"@type":"ListItem","position":1,"name":"Portada","item":"https:\/\/iesmache.edu.pe\/portal\/"},{"@type":"ListItem","position":2,"name":"Misi\u00f3n"}]},{"@type":"WebSite","@id":"https:\/\/iesmache.edu.pe\/portal\/#website","url":"https:\/\/iesmache.edu.pe\/portal\/","name":"I.E.S.T.P. &quot;MACHE&quot;","description":"","publisher":{"@id":"https:\/\/iesmache.edu.pe\/portal\/#organization"},"potentialAction":[{"@type":"SearchAction","target":{"@type":"EntryPoint","urlTemplate":"https:\/\/iesmache.edu.pe\/portal\/?s={search_term_string}"},"query-input":{"@type":"PropertyValueSpecification","valueRequired":true,"valueName":"search_term_string"}}],"inLanguage":"es-PE"},{"@type":"Organization","@id":"https:\/\/iesmache.edu.pe\/portal\/#organization","name":"I.E.S.T.P. &quot;MACHE&quot;","url":"https:\/\/iesmache.edu.pe\/portal\/","logo":{"@type":"ImageObject","inLanguage":"es-PE","@id":"https:\/\/iesmache.edu.pe\/portal\/#\/schema\/logo\/image\/","url":"https:\/\/iesmache.edu.pe\/portal\/wp-content\/uploads\/2024\/12\/logomache.jpeg","contentUrl":"https:\/\/iesmache.edu.pe\/portal\/wp-content\/uploads\/2024\/12\/logomache.jpeg","width":150,"height":150,"caption":"I.E.S.T.P. &quot;MACHE&quot;"},"image":{"@id":"https:\/\/iesmache.edu.pe\/portal\/#\/schema\/logo\/image\/"}}]}},"_links":{"self":[{"href":"https:\/\/iesmache.edu.pe\/portal\/index.php\/wp-json\/wp\/v2\/pages\/43","targetHints":{"allow":["GET"]}}],"collection":[{"href":"https:\/\/iesmache.edu.pe\/portal\/index.php\/wp-json\/wp\/v2\/pages"}],"about":[{"href":"https:\/\/iesmache.edu.pe\/portal\/index.php\/wp-json\/wp\/v2\/types\/page"}],"author":[{"embeddable":true,"href":"https:\/\/iesmache.edu.pe\/portal\/index.php\/wp-json\/wp\/v2\/users\/1"}],"replies":[{"embeddable":true,"href":"https:\/\/iesmache.edu.pe\/portal\/index.php\/wp-json\/wp\/v2\/comments?post=43"}],"version-history":[{"count":1,"href":"https:\/\/iesmache.edu.pe\/portal\/index.php\/wp-json\/wp\/v2\/pages\/43\/revisions"}],"predecessor-version":[{"id":228,"href":"https:\/\/iesmache.edu.pe\/portal\/index.php\/wp-json\/wp\/v2\/pages\/43\/revisions\/228"}],"wp:attachment":[{"href":"https:\/\/iesmache.edu.pe\/portal\/index.php\/wp-json\/wp\/v2\/media?parent=43"}],"curies":[{"name":"wp","href":"https:\/\/api.w.org\/{rel}","templated":true}]}}