{"id":53,"date":"2024-12-04T01:19:37","date_gmt":"2024-12-04T01:19:37","guid":{"rendered":"https:\/\/iesp-hectorvasquezjimenez.edu.pe\/portal\/?page_id=53"},"modified":"2026-03-30T04:48:57","modified_gmt":"2026-03-30T04:48:57","slug":"admision","status":"publish","type":"page","link":"https:\/\/iesmache.edu.pe\/portal\/index.php\/admision\/","title":{"rendered":"Admisi\u00f3n 2026"},"content":{"rendered":"\n<p><strong>Para inscribirte deber\u00e1s presentar en el M\u00d3DULO DE ADMISI\u00d3N 2025 lo siguiente:<\/strong><\/p>\n\n\n\n<ul class=\"wp-block-list\">\n<li>Ficha de Inscripci\u00f3n<\/li>\n\n\n\n<li>Certificado de Estudios digital <\/li>\n\n\n\n<li>Copia de DNI o carnet de extranjeria&nbsp;<\/li>\n\n\n\n<li>01 fotograf\u00eda tama\u00f1o carn\u00e9 a color (fondo blanco)<\/li>\n\n\n\n<li>Recibo de pago por derecho de inscripci\u00f3n&nbsp;<\/li>\n<\/ul>\n\n\n\n<p><strong>PROGRAMAS DE ESTUDIOS:<\/strong><\/p>\n\n\n\n<p><strong>PRODUCCION AGROPECUARIA<\/strong><\/p>\n\n\n\n<p><strong>CONTABILIDAD<\/strong><\/p>\n\n\n\n<p>El Instituto otorga T\u00edtulo a Nombre de la Naci\u00f3n como PROFESIONAL T\u00c9CNICO con menci\u00f3n del Programa elegido.<\/p>\n\n\n\n<h3 class=\"wp-block-heading\"><strong>DURACI\u00d3N DE LOS ESTUDIOS<\/strong><\/h3>\n\n\n\n<p>En 3 a\u00f1os divididos en 6 semestres acad\u00e9micos<\/p>\n\n\n\n<h3 class=\"wp-block-heading\"><strong>CERTIFICACI\u00d3N MODULAR<\/strong><\/h3>\n\n\n\n<p>Certificaci\u00f3n de Pr\u00e1cticas Pre Profesionales por m\u00f3dulos<\/p>\n\n\n\n<h3 class=\"wp-block-heading\"><strong>TURNOS DE ESTUDIO<\/strong><\/h3>\n\n\n\n<p>MA\u00d1ANA: 07:30 m. \u2013 1:05 p.m.<\/p>\n\n\n\n<h3 class=\"wp-block-heading\"><strong><em>PRUEBA DE ADMISI\u00d3N PRESENCIAL<\/em><\/strong><\/h3>\n\n\n\n<p>Prueba objetiva de 100 preguntas de alternativa m\u00faltiple con una duraci\u00f3n efectiva de<br>tres (03) horas.<\/p>\n\n\n\n<p>En esta oportunidad el Examen de Admisi\u00f3n se llevar\u00e1 a cabo el<\/p>\n\n\n\n<p><strong>Martes 31 de Marzo del 2026 a horas 09:00 a.m.<\/strong><\/p>\n\n\n\n<p><em><strong>\u00a0Inscripci\u00f3n presencial en Modulo de informes del IESTP <\/strong>\u00abMACHE\u00bb<\/em><\/p>\n\n\n\n\n","protected":false},"excerpt":{"rendered":"<p>Para inscribirte deber\u00e1s presentar en el M\u00d3DULO DE ADMISI\u00d3N 2025 lo siguiente: PROGRAMAS DE ESTUDIOS: PRODUCCION AGROPECUARIA CONTABILIDAD El Instituto otorga T\u00edtulo a Nombre de la Naci\u00f3n como PROFESIONAL T\u00c9CNICO con menci\u00f3n del Programa elegido. DURACI\u00d3N DE LOS ESTUDIOS En 3 a\u00f1os divididos en 6 semestres acad\u00e9micos CERTIFICACI\u00d3N MODULAR Certificaci\u00f3n de Pr\u00e1cticas Pre Profesionales por [&hellip;]<\/p>\n","protected":false},"author":1,"featured_media":0,"parent":0,"menu_order":0,"comment_status":"closed","ping_status":"closed","template":"","meta":{"saved_in_kubio":true,"footnotes":""},"class_list":["post-53","page","type-page","status-publish","hentry"],"kubio_ai_page_context":{"short_desc":"","purpose":"general"},"yoast_head":"<!-- This site is optimized with the Yoast SEO plugin v23.9 - https:\/\/yoast.com\/wordpress\/plugins\/seo\/ -->\n<title>Admisi\u00f3n 2026 - I.E.S.T.P. &quot;MACHE&quot;<\/title>\n<meta name=\"robots\" content=\"index, follow, max-snippet:-1, max-image-preview:large, max-video-preview:-1\" \/>\n<link rel=\"canonical\" href=\"https:\/\/iesmache.edu.pe\/portal\/index.php\/admision\/\" \/>\n<meta property=\"og:locale\" content=\"es_ES\" \/>\n<meta property=\"og:type\" content=\"article\" \/>\n<meta property=\"og:title\" content=\"Admisi\u00f3n 2026 - I.E.S.T.P. &quot;MACHE&quot;\" \/>\n<meta property=\"og:description\" content=\"Para inscribirte deber\u00e1s presentar en el M\u00d3DULO DE ADMISI\u00d3N 2025 lo siguiente: PROGRAMAS DE ESTUDIOS: PRODUCCION AGROPECUARIA CONTABILIDAD El Instituto otorga T\u00edtulo a Nombre de la Naci\u00f3n como PROFESIONAL T\u00c9CNICO con menci\u00f3n del Programa elegido. DURACI\u00d3N DE LOS ESTUDIOS En 3 a\u00f1os divididos en 6 semestres acad\u00e9micos CERTIFICACI\u00d3N MODULAR Certificaci\u00f3n de Pr\u00e1cticas Pre Profesionales por [&hellip;]\" \/>\n<meta property=\"og:url\" content=\"https:\/\/iesmache.edu.pe\/portal\/index.php\/admision\/\" \/>\n<meta property=\"og:site_name\" content=\"I.E.S.T.P. &quot;MACHE&quot;\" \/>\n<meta property=\"article:modified_time\" content=\"2026-03-30T04:48:57+00:00\" \/>\n<meta name=\"twitter:card\" content=\"summary_large_image\" \/>\n<meta name=\"twitter:label1\" content=\"Est. reading time\" \/>\n\t<meta name=\"twitter:data1\" content=\"1 minuto\" \/>\n<script type=\"application\/ld+json\" class=\"yoast-schema-graph\">{\"@context\":\"https:\/\/schema.org\",\"@graph\":[{\"@type\":\"WebPage\",\"@id\":\"https:\/\/iesmache.edu.pe\/portal\/index.php\/admision\/\",\"url\":\"https:\/\/iesmache.edu.pe\/portal\/index.php\/admision\/\",\"name\":\"Admisi\u00f3n 2026 - I.E.S.T.P. &quot;MACHE&quot;\",\"isPartOf\":{\"@id\":\"https:\/\/iesmache.edu.pe\/portal\/#website\"},\"datePublished\":\"2024-12-04T01:19:37+00:00\",\"dateModified\":\"2026-03-30T04:48:57+00:00\",\"breadcrumb\":{\"@id\":\"https:\/\/iesmache.edu.pe\/portal\/index.php\/admision\/#breadcrumb\"},\"inLanguage\":\"es-PE\",\"potentialAction\":[{\"@type\":\"ReadAction\",\"target\":[\"https:\/\/iesmache.edu.pe\/portal\/index.php\/admision\/\"]}]},{\"@type\":\"BreadcrumbList\",\"@id\":\"https:\/\/iesmache.edu.pe\/portal\/index.php\/admision\/#breadcrumb\",\"itemListElement\":[{\"@type\":\"ListItem\",\"position\":1,\"name\":\"Portada\",\"item\":\"https:\/\/iesmache.edu.pe\/portal\/\"},{\"@type\":\"ListItem\",\"position\":2,\"name\":\"Admisi\u00f3n 2026\"}]},{\"@type\":\"WebSite\",\"@id\":\"https:\/\/iesmache.edu.pe\/portal\/#website\",\"url\":\"https:\/\/iesmache.edu.pe\/portal\/\",\"name\":\"I.E.S.T.P. &quot;MACHE&quot;\",\"description\":\"\",\"publisher\":{\"@id\":\"https:\/\/iesmache.edu.pe\/portal\/#organization\"},\"potentialAction\":[{\"@type\":\"SearchAction\",\"target\":{\"@type\":\"EntryPoint\",\"urlTemplate\":\"https:\/\/iesmache.edu.pe\/portal\/?s={search_term_string}\"},\"query-input\":{\"@type\":\"PropertyValueSpecification\",\"valueRequired\":true,\"valueName\":\"search_term_string\"}}],\"inLanguage\":\"es-PE\"},{\"@type\":\"Organization\",\"@id\":\"https:\/\/iesmache.edu.pe\/portal\/#organization\",\"name\":\"I.E.S.T.P. &quot;MACHE&quot;\",\"url\":\"https:\/\/iesmache.edu.pe\/portal\/\",\"logo\":{\"@type\":\"ImageObject\",\"inLanguage\":\"es-PE\",\"@id\":\"https:\/\/iesmache.edu.pe\/portal\/#\/schema\/logo\/image\/\",\"url\":\"https:\/\/iesmache.edu.pe\/portal\/wp-content\/uploads\/2024\/12\/logomache.jpeg\",\"contentUrl\":\"https:\/\/iesmache.edu.pe\/portal\/wp-content\/uploads\/2024\/12\/logomache.jpeg\",\"width\":150,\"height\":150,\"caption\":\"I.E.S.T.P. &quot;MACHE&quot;\"},\"image\":{\"@id\":\"https:\/\/iesmache.edu.pe\/portal\/#\/schema\/logo\/image\/\"}}]}<\/script>\n<!-- \/ Yoast SEO plugin. -->","yoast_head_json":{"title":"Admisi\u00f3n 2026 - I.E.S.T.P. &quot;MACHE&quot;","robots":{"index":"index","follow":"follow","max-snippet":"max-snippet:-1","max-image-preview":"max-image-preview:large","max-video-preview":"max-video-preview:-1"},"canonical":"https:\/\/iesmache.edu.pe\/portal\/index.php\/admision\/","og_locale":"es_ES","og_type":"article","og_title":"Admisi\u00f3n 2026 - I.E.S.T.P. &quot;MACHE&quot;","og_description":"Para inscribirte deber\u00e1s presentar en el M\u00d3DULO DE ADMISI\u00d3N 2025 lo siguiente: PROGRAMAS DE ESTUDIOS: PRODUCCION AGROPECUARIA CONTABILIDAD El Instituto otorga T\u00edtulo a Nombre de la Naci\u00f3n como PROFESIONAL T\u00c9CNICO con menci\u00f3n del Programa elegido. DURACI\u00d3N DE LOS ESTUDIOS En 3 a\u00f1os divididos en 6 semestres acad\u00e9micos CERTIFICACI\u00d3N MODULAR Certificaci\u00f3n de Pr\u00e1cticas Pre Profesionales por [&hellip;]","og_url":"https:\/\/iesmache.edu.pe\/portal\/index.php\/admision\/","og_site_name":"I.E.S.T.P. &quot;MACHE&quot;","article_modified_time":"2026-03-30T04:48:57+00:00","twitter_card":"summary_large_image","twitter_misc":{"Est. reading time":"1 minuto"},"schema":{"@context":"https:\/\/schema.org","@graph":[{"@type":"WebPage","@id":"https:\/\/iesmache.edu.pe\/portal\/index.php\/admision\/","url":"https:\/\/iesmache.edu.pe\/portal\/index.php\/admision\/","name":"Admisi\u00f3n 2026 - I.E.S.T.P. &quot;MACHE&quot;","isPartOf":{"@id":"https:\/\/iesmache.edu.pe\/portal\/#website"},"datePublished":"2024-12-04T01:19:37+00:00","dateModified":"2026-03-30T04:48:57+00:00","breadcrumb":{"@id":"https:\/\/iesmache.edu.pe\/portal\/index.php\/admision\/#breadcrumb"},"inLanguage":"es-PE","potentialAction":[{"@type":"ReadAction","target":["https:\/\/iesmache.edu.pe\/portal\/index.php\/admision\/"]}]},{"@type":"BreadcrumbList","@id":"https:\/\/iesmache.edu.pe\/portal\/index.php\/admision\/#breadcrumb","itemListElement":[{"@type":"ListItem","position":1,"name":"Portada","item":"https:\/\/iesmache.edu.pe\/portal\/"},{"@type":"ListItem","position":2,"name":"Admisi\u00f3n 2026"}]},{"@type":"WebSite","@id":"https:\/\/iesmache.edu.pe\/portal\/#website","url":"https:\/\/iesmache.edu.pe\/portal\/","name":"I.E.S.T.P. &quot;MACHE&quot;","description":"","publisher":{"@id":"https:\/\/iesmache.edu.pe\/portal\/#organization"},"potentialAction":[{"@type":"SearchAction","target":{"@type":"EntryPoint","urlTemplate":"https:\/\/iesmache.edu.pe\/portal\/?s={search_term_string}"},"query-input":{"@type":"PropertyValueSpecification","valueRequired":true,"valueName":"search_term_string"}}],"inLanguage":"es-PE"},{"@type":"Organization","@id":"https:\/\/iesmache.edu.pe\/portal\/#organization","name":"I.E.S.T.P. &quot;MACHE&quot;","url":"https:\/\/iesmache.edu.pe\/portal\/","logo":{"@type":"ImageObject","inLanguage":"es-PE","@id":"https:\/\/iesmache.edu.pe\/portal\/#\/schema\/logo\/image\/","url":"https:\/\/iesmache.edu.pe\/portal\/wp-content\/uploads\/2024\/12\/logomache.jpeg","contentUrl":"https:\/\/iesmache.edu.pe\/portal\/wp-content\/uploads\/2024\/12\/logomache.jpeg","width":150,"height":150,"caption":"I.E.S.T.P. &quot;MACHE&quot;"},"image":{"@id":"https:\/\/iesmache.edu.pe\/portal\/#\/schema\/logo\/image\/"}}]}},"_links":{"self":[{"href":"https:\/\/iesmache.edu.pe\/portal\/index.php\/wp-json\/wp\/v2\/pages\/53","targetHints":{"allow":["GET"]}}],"collection":[{"href":"https:\/\/iesmache.edu.pe\/portal\/index.php\/wp-json\/wp\/v2\/pages"}],"about":[{"href":"https:\/\/iesmache.edu.pe\/portal\/index.php\/wp-json\/wp\/v2\/types\/page"}],"author":[{"embeddable":true,"href":"https:\/\/iesmache.edu.pe\/portal\/index.php\/wp-json\/wp\/v2\/users\/1"}],"replies":[{"embeddable":true,"href":"https:\/\/iesmache.edu.pe\/portal\/index.php\/wp-json\/wp\/v2\/comments?post=53"}],"version-history":[{"count":7,"href":"https:\/\/iesmache.edu.pe\/portal\/index.php\/wp-json\/wp\/v2\/pages\/53\/revisions"}],"predecessor-version":[{"id":370,"href":"https:\/\/iesmache.edu.pe\/portal\/index.php\/wp-json\/wp\/v2\/pages\/53\/revisions\/370"}],"wp:attachment":[{"href":"https:\/\/iesmache.edu.pe\/portal\/index.php\/wp-json\/wp\/v2\/media?parent=53"}],"curies":[{"name":"wp","href":"https:\/\/api.w.org\/{rel}","templated":true}]}}