{"id":81,"date":"2024-12-04T02:04:17","date_gmt":"2024-12-04T02:04:17","guid":{"rendered":"https:\/\/iesp-hectorvasquezjimenez.edu.pe\/portal\/?page_id=81"},"modified":"2025-05-17T02:32:41","modified_gmt":"2025-05-17T02:32:41","slug":"bolsa-laboral","status":"publish","type":"page","link":"https:\/\/iesmache.edu.pe\/portal\/index.php\/bolsa-laboral\/","title":{"rendered":"Bolsa laboral"},"content":{"rendered":"\n<p>La bolsa laboral del\u00a0<strong>Instituto de Educaci\u00f3n Superior Tecnologico Publico \u00abMache\u00bb<\/strong>\u00a0es una plataforma en l\u00ednea dise\u00f1ada para brindarte acceso a excelentes oportunidades de empleo y pr\u00e1cticas laborales en entornos reales de trabajo en empresas l\u00edderes a nivel regional y nacional. Nuestro principal prop\u00f3sito es facilitar el desarrollo y fortalecimiento de tus conocimientos, habilidades y competencias. En esta plataforma, podr\u00e1s encontrar una amplia gama de empresas e instituciones que buscan talentos como el tuyo. Aqu\u00ed tendr\u00e1s la posibilidad de demostrar tus capacidades y destacarte en el mundo laboral.<\/p>\n","protected":false},"excerpt":{"rendered":"<p>La bolsa laboral del\u00a0Instituto de Educaci\u00f3n Superior Tecnologico Publico \u00abMache\u00bb\u00a0es una plataforma en l\u00ednea dise\u00f1ada para brindarte acceso a excelentes oportunidades de empleo y pr\u00e1cticas laborales en entornos reales de trabajo en empresas l\u00edderes a nivel regional y nacional. Nuestro principal prop\u00f3sito es facilitar el desarrollo y fortalecimiento de tus conocimientos, habilidades y competencias. En [&hellip;]<\/p>\n","protected":false},"author":1,"featured_media":0,"parent":0,"menu_order":0,"comment_status":"closed","ping_status":"open","template":"","meta":{"saved_in_kubio":false,"footnotes":""},"class_list":["post-81","page","type-page","status-publish","hentry"],"kubio_ai_page_context":{"short_desc":"","purpose":"general"},"yoast_head":"<!-- This site is optimized with the Yoast SEO plugin v23.9 - https:\/\/yoast.com\/wordpress\/plugins\/seo\/ -->\n<title>Bolsa laboral - I.E.S.T.P. &quot;MACHE&quot;<\/title>\n<meta name=\"robots\" content=\"index, follow, max-snippet:-1, max-image-preview:large, max-video-preview:-1\" \/>\n<link rel=\"canonical\" href=\"https:\/\/iesmache.edu.pe\/portal\/index.php\/bolsa-laboral\/\" \/>\n<meta property=\"og:locale\" content=\"es_ES\" \/>\n<meta property=\"og:type\" content=\"article\" \/>\n<meta property=\"og:title\" content=\"Bolsa laboral - I.E.S.T.P. &quot;MACHE&quot;\" \/>\n<meta property=\"og:description\" content=\"La bolsa laboral del\u00a0Instituto de Educaci\u00f3n Superior Tecnologico Publico \u00abMache\u00bb\u00a0es una plataforma en l\u00ednea dise\u00f1ada para brindarte acceso a excelentes oportunidades de empleo y pr\u00e1cticas laborales en entornos reales de trabajo en empresas l\u00edderes a nivel regional y nacional. Nuestro principal prop\u00f3sito es facilitar el desarrollo y fortalecimiento de tus conocimientos, habilidades y competencias. En [&hellip;]\" \/>\n<meta property=\"og:url\" content=\"https:\/\/iesmache.edu.pe\/portal\/index.php\/bolsa-laboral\/\" \/>\n<meta property=\"og:site_name\" content=\"I.E.S.T.P. &quot;MACHE&quot;\" \/>\n<meta property=\"article:modified_time\" content=\"2025-05-17T02:32:41+00:00\" \/>\n<meta name=\"twitter:card\" content=\"summary_large_image\" \/>\n<meta name=\"twitter:label1\" content=\"Est. reading time\" \/>\n\t<meta name=\"twitter:data1\" content=\"1 minuto\" \/>\n<script type=\"application\/ld+json\" class=\"yoast-schema-graph\">{\"@context\":\"https:\/\/schema.org\",\"@graph\":[{\"@type\":\"WebPage\",\"@id\":\"https:\/\/iesmache.edu.pe\/portal\/index.php\/bolsa-laboral\/\",\"url\":\"https:\/\/iesmache.edu.pe\/portal\/index.php\/bolsa-laboral\/\",\"name\":\"Bolsa laboral - I.E.S.T.P. &quot;MACHE&quot;\",\"isPartOf\":{\"@id\":\"https:\/\/iesmache.edu.pe\/portal\/#website\"},\"datePublished\":\"2024-12-04T02:04:17+00:00\",\"dateModified\":\"2025-05-17T02:32:41+00:00\",\"breadcrumb\":{\"@id\":\"https:\/\/iesmache.edu.pe\/portal\/index.php\/bolsa-laboral\/#breadcrumb\"},\"inLanguage\":\"es-PE\",\"potentialAction\":[{\"@type\":\"ReadAction\",\"target\":[\"https:\/\/iesmache.edu.pe\/portal\/index.php\/bolsa-laboral\/\"]}]},{\"@type\":\"BreadcrumbList\",\"@id\":\"https:\/\/iesmache.edu.pe\/portal\/index.php\/bolsa-laboral\/#breadcrumb\",\"itemListElement\":[{\"@type\":\"ListItem\",\"position\":1,\"name\":\"Portada\",\"item\":\"https:\/\/iesmache.edu.pe\/portal\/\"},{\"@type\":\"ListItem\",\"position\":2,\"name\":\"Bolsa laboral\"}]},{\"@type\":\"WebSite\",\"@id\":\"https:\/\/iesmache.edu.pe\/portal\/#website\",\"url\":\"https:\/\/iesmache.edu.pe\/portal\/\",\"name\":\"I.E.S.T.P. &quot;MACHE&quot;\",\"description\":\"\",\"publisher\":{\"@id\":\"https:\/\/iesmache.edu.pe\/portal\/#organization\"},\"potentialAction\":[{\"@type\":\"SearchAction\",\"target\":{\"@type\":\"EntryPoint\",\"urlTemplate\":\"https:\/\/iesmache.edu.pe\/portal\/?s={search_term_string}\"},\"query-input\":{\"@type\":\"PropertyValueSpecification\",\"valueRequired\":true,\"valueName\":\"search_term_string\"}}],\"inLanguage\":\"es-PE\"},{\"@type\":\"Organization\",\"@id\":\"https:\/\/iesmache.edu.pe\/portal\/#organization\",\"name\":\"I.E.S.T.P. &quot;MACHE&quot;\",\"url\":\"https:\/\/iesmache.edu.pe\/portal\/\",\"logo\":{\"@type\":\"ImageObject\",\"inLanguage\":\"es-PE\",\"@id\":\"https:\/\/iesmache.edu.pe\/portal\/#\/schema\/logo\/image\/\",\"url\":\"https:\/\/iesmache.edu.pe\/portal\/wp-content\/uploads\/2024\/12\/logomache.jpeg\",\"contentUrl\":\"https:\/\/iesmache.edu.pe\/portal\/wp-content\/uploads\/2024\/12\/logomache.jpeg\",\"width\":150,\"height\":150,\"caption\":\"I.E.S.T.P. &quot;MACHE&quot;\"},\"image\":{\"@id\":\"https:\/\/iesmache.edu.pe\/portal\/#\/schema\/logo\/image\/\"}}]}<\/script>\n<!-- \/ Yoast SEO plugin. -->","yoast_head_json":{"title":"Bolsa laboral - I.E.S.T.P. &quot;MACHE&quot;","robots":{"index":"index","follow":"follow","max-snippet":"max-snippet:-1","max-image-preview":"max-image-preview:large","max-video-preview":"max-video-preview:-1"},"canonical":"https:\/\/iesmache.edu.pe\/portal\/index.php\/bolsa-laboral\/","og_locale":"es_ES","og_type":"article","og_title":"Bolsa laboral - I.E.S.T.P. &quot;MACHE&quot;","og_description":"La bolsa laboral del\u00a0Instituto de Educaci\u00f3n Superior Tecnologico Publico \u00abMache\u00bb\u00a0es una plataforma en l\u00ednea dise\u00f1ada para brindarte acceso a excelentes oportunidades de empleo y pr\u00e1cticas laborales en entornos reales de trabajo en empresas l\u00edderes a nivel regional y nacional. Nuestro principal prop\u00f3sito es facilitar el desarrollo y fortalecimiento de tus conocimientos, habilidades y competencias. En [&hellip;]","og_url":"https:\/\/iesmache.edu.pe\/portal\/index.php\/bolsa-laboral\/","og_site_name":"I.E.S.T.P. &quot;MACHE&quot;","article_modified_time":"2025-05-17T02:32:41+00:00","twitter_card":"summary_large_image","twitter_misc":{"Est. reading time":"1 minuto"},"schema":{"@context":"https:\/\/schema.org","@graph":[{"@type":"WebPage","@id":"https:\/\/iesmache.edu.pe\/portal\/index.php\/bolsa-laboral\/","url":"https:\/\/iesmache.edu.pe\/portal\/index.php\/bolsa-laboral\/","name":"Bolsa laboral - I.E.S.T.P. &quot;MACHE&quot;","isPartOf":{"@id":"https:\/\/iesmache.edu.pe\/portal\/#website"},"datePublished":"2024-12-04T02:04:17+00:00","dateModified":"2025-05-17T02:32:41+00:00","breadcrumb":{"@id":"https:\/\/iesmache.edu.pe\/portal\/index.php\/bolsa-laboral\/#breadcrumb"},"inLanguage":"es-PE","potentialAction":[{"@type":"ReadAction","target":["https:\/\/iesmache.edu.pe\/portal\/index.php\/bolsa-laboral\/"]}]},{"@type":"BreadcrumbList","@id":"https:\/\/iesmache.edu.pe\/portal\/index.php\/bolsa-laboral\/#breadcrumb","itemListElement":[{"@type":"ListItem","position":1,"name":"Portada","item":"https:\/\/iesmache.edu.pe\/portal\/"},{"@type":"ListItem","position":2,"name":"Bolsa laboral"}]},{"@type":"WebSite","@id":"https:\/\/iesmache.edu.pe\/portal\/#website","url":"https:\/\/iesmache.edu.pe\/portal\/","name":"I.E.S.T.P. &quot;MACHE&quot;","description":"","publisher":{"@id":"https:\/\/iesmache.edu.pe\/portal\/#organization"},"potentialAction":[{"@type":"SearchAction","target":{"@type":"EntryPoint","urlTemplate":"https:\/\/iesmache.edu.pe\/portal\/?s={search_term_string}"},"query-input":{"@type":"PropertyValueSpecification","valueRequired":true,"valueName":"search_term_string"}}],"inLanguage":"es-PE"},{"@type":"Organization","@id":"https:\/\/iesmache.edu.pe\/portal\/#organization","name":"I.E.S.T.P. &quot;MACHE&quot;","url":"https:\/\/iesmache.edu.pe\/portal\/","logo":{"@type":"ImageObject","inLanguage":"es-PE","@id":"https:\/\/iesmache.edu.pe\/portal\/#\/schema\/logo\/image\/","url":"https:\/\/iesmache.edu.pe\/portal\/wp-content\/uploads\/2024\/12\/logomache.jpeg","contentUrl":"https:\/\/iesmache.edu.pe\/portal\/wp-content\/uploads\/2024\/12\/logomache.jpeg","width":150,"height":150,"caption":"I.E.S.T.P. &quot;MACHE&quot;"},"image":{"@id":"https:\/\/iesmache.edu.pe\/portal\/#\/schema\/logo\/image\/"}}]}},"_links":{"self":[{"href":"https:\/\/iesmache.edu.pe\/portal\/index.php\/wp-json\/wp\/v2\/pages\/81","targetHints":{"allow":["GET"]}}],"collection":[{"href":"https:\/\/iesmache.edu.pe\/portal\/index.php\/wp-json\/wp\/v2\/pages"}],"about":[{"href":"https:\/\/iesmache.edu.pe\/portal\/index.php\/wp-json\/wp\/v2\/types\/page"}],"author":[{"embeddable":true,"href":"https:\/\/iesmache.edu.pe\/portal\/index.php\/wp-json\/wp\/v2\/users\/1"}],"replies":[{"embeddable":true,"href":"https:\/\/iesmache.edu.pe\/portal\/index.php\/wp-json\/wp\/v2\/comments?post=81"}],"version-history":[{"count":2,"href":"https:\/\/iesmache.edu.pe\/portal\/index.php\/wp-json\/wp\/v2\/pages\/81\/revisions"}],"predecessor-version":[{"id":263,"href":"https:\/\/iesmache.edu.pe\/portal\/index.php\/wp-json\/wp\/v2\/pages\/81\/revisions\/263"}],"wp:attachment":[{"href":"https:\/\/iesmache.edu.pe\/portal\/index.php\/wp-json\/wp\/v2\/media?parent=81"}],"curies":[{"name":"wp","href":"https:\/\/api.w.org\/{rel}","templated":true}]}}